{"id":4400,"date":"2021-10-12T15:51:09","date_gmt":"2021-10-12T15:51:09","guid":{"rendered":"http:\/\/dummy.xtemos.com\/woodmart2\/elementor\/?page_id=4400"},"modified":"2025-12-02T18:40:28","modified_gmt":"2025-12-02T15:40:28","slug":"hakkimizda","status":"publish","type":"page","link":"https:\/\/pruas.com.tr\/index.php\/hakkimizda\/","title":{"rendered":"Hakk\u0131m\u0131zda"},"content":{"rendered":"\t\t<div data-elementor-type=\"wp-page\" data-elementor-id=\"4400\" class=\"elementor elementor-4400\">\n\t\t\t\t<div class=\"elementor-element elementor-element-7c7c544 e-flex e-con-boxed e-con e-parent\" data-id=\"7c7c544\" data-element_type=\"container\">\n\t\t\t\t\t<div class=\"e-con-inner\">\n\t\t<div class=\"elementor-element elementor-element-e7cb5cd e-con-full e-flex e-con e-child\" data-id=\"e7cb5cd\" data-element_type=\"container\">\n\t\t\t\t<div class=\"elementor-element elementor-element-56aec39 elementor-widget elementor-widget-wd_image_or_svg\" data-id=\"56aec39\" data-element_type=\"widget\" data-widget_type=\"wd_image_or_svg.default\">\n\t\t\t\t<div class=\"elementor-widget-container\">\n\t\t\t\t\t\n\t\t<div class=\"wd-image text-left\">\n\t\t\t\t\t\t\t\t<img fetchpriority=\"high\" decoding=\"async\" width=\"580\" height=\"580\" src=\"https:\/\/pruas.com.tr\/wp-content\/uploads\/2025\/12\/pruasbanner3.png\" class=\"attachment-full size-full\" alt=\"\" srcset=\"https:\/\/pruas.com.tr\/wp-content\/uploads\/2025\/12\/pruasbanner3.png 580w, https:\/\/pruas.com.tr\/wp-content\/uploads\/2025\/12\/pruasbanner3-300x300.png 300w, https:\/\/pruas.com.tr\/wp-content\/uploads\/2025\/12\/pruasbanner3-150x150.png 150w, https:\/\/pruas.com.tr\/wp-content\/uploads\/2025\/12\/pruasbanner3-430x430.png 430w\" sizes=\"(max-width: 580px) 100vw, 580px\" \/>\t\t\t\t\t<\/div>\n\n\t\t\t\t\t\t<\/div>\n\t\t\t\t<\/div>\n\t\t\t\t<\/div>\n\t\t<div class=\"elementor-element elementor-element-97d6084 e-con-full e-flex e-con e-child\" data-id=\"97d6084\" data-element_type=\"container\">\n\t\t\t\t<div class=\"elementor-element elementor-element-98d830b elementor-widget__width-initial wd-width-100 elementor-widget elementor-widget-wd_title\" data-id=\"98d830b\" data-element_type=\"widget\" data-widget_type=\"wd_title.default\">\n\t\t\t\t<div class=\"elementor-widget-container\">\n\t\t\t\t\t\t\t<div class=\"title-wrapper set-mb-s reset-last-child wd-title-color-primary wd-title-style-default wd-title-size-large text-left\">\n\n\t\t\t\t\t\t\t<div class=\"title-subtitle subtitle-color-primary subtitle-style-default wd-fontsize-xs\">\n\t\t\t\t\tPRUAS | ONLINE BAKIM &amp; Y\u00d6NET\u0130M S\u0130STEMLER\u0130\t\t\t\t<\/div>\n\t\t\t\n\t\t\t<div class=\"liner-continer\">\n\t\t\t\t<h4 class=\"woodmart-title-container title wd-fontsize-xxl\">Biz Kimiz ?<\/h4> \n\t\t\t\t\t\t\t<\/div>\n\n\t\t\t\t\t<\/div>\n\t\t\t\t\t\t<\/div>\n\t\t\t\t<\/div>\n\t\t\t\t<div class=\"elementor-element elementor-element-66e47ad elementor-widget elementor-widget-wd_text_block\" data-id=\"66e47ad\" data-element_type=\"widget\" data-widget_type=\"wd_text_block.default\">\n\t\t\t\t<div class=\"elementor-widget-container\">\n\t\t\t\t\t\t\t<div class=\"wd-text-block reset-last-child text-left\">\n\t\t\t\n\t\t\t<p data-start=\"245\" data-end=\"471\"><strong data-start=\"245\" data-end=\"346\">12 y\u0131ll\u0131k sekt\u00f6rel deneyime sahip Prusaweb Yaz\u0131l\u0131m ve Dan\u0131\u015fmanl\u0131k Hizmetleri San. Tic. Ltd. \u015eti.,<\/strong> i\u015fletmelere \u00f6zel yaz\u0131l\u0131m \u00e7\u00f6z\u00fcmleri, kurumsal dan\u0131\u015fmanl\u0131k ve tasar\u0131m hizmetleri sunan profesyonel bir teknoloji \u015firketidir.<\/p><p data-start=\"473\" data-end=\"670\">Kuruldu\u011fumuz g\u00fcnden bu yana hedefimiz; \u015firketlerin operasyonel s\u00fcre\u00e7lerini dijitalle\u015ftiren, i\u015f verimlili\u011fini art\u0131ran ve s\u00fcrd\u00fcr\u00fclebilir y\u00f6netim altyap\u0131lar\u0131 olu\u015fturan modern sistemler geli\u015ftirmektir.<\/p><p data-start=\"672\" data-end=\"997\">Bu vizyon do\u011frultusunda geli\u015ftirdi\u011fimiz <strong data-start=\"712\" data-end=\"721\">Pruas<\/strong>, bak\u0131m ve operasyon y\u00f6netimi ihtiya\u00e7lar\u0131na odaklanan g\u00fc\u00e7l\u00fc bir SaaS platformudur. \u015eirketlerin periyodik bak\u0131m s\u00fcre\u00e7lerini, ar\u0131za y\u00f6netimini, gelir-gider takibini, tahsilat s\u00fcre\u00e7lerini ve \u00e7al\u0131\u015fan operasyonlar\u0131n\u0131 tek bir merkezden y\u00f6netmesini sa\u011flayan kapsaml\u0131 bir \u00e7\u00f6z\u00fcm sunar.<\/p>\n\t\t\t\t\t<\/div>\n\t\t\t\t\t\t<\/div>\n\t\t\t\t<\/div>\n\t\t<div class=\"elementor-element elementor-element-3eef7d8 e-con-full e-flex e-con e-child\" data-id=\"3eef7d8\" data-element_type=\"container\">\n\t\t\t\t<div class=\"elementor-element elementor-element-cee0b0c elementor-widget__width-auto elementor-widget elementor-widget-wd_text_block\" data-id=\"cee0b0c\" data-element_type=\"widget\" data-widget_type=\"wd_text_block.default\">\n\t\t\t\t<div class=\"elementor-widget-container\">\n\t\t\t\t\t\t\t<div class=\"wd-text-block reset-last-child text-left\">\n\t\t\t\n\t\t\t<p><a href=\"https:\/\/prusaweb.net\"><strong><em>PRUSAWEB @ 2025<\/em><\/strong><\/a><\/p>\n\t\t\t\t\t<\/div>\n\t\t\t\t\t\t<\/div>\n\t\t\t\t<\/div>\n\t\t\t\t<div class=\"elementor-element elementor-element-ee232e9 elementor-widget__width-auto elementor-hidden-phone elementor-widget elementor-widget-wd_social_buttons\" data-id=\"ee232e9\" data-element_type=\"widget\" data-widget_type=\"wd_social_buttons.default\">\n\t\t\t\t<div class=\"elementor-widget-container\">\n\t\t\t\t\t\n\t\t\t<div class=\" wd-social-icons icons-design-colored-alt icons-size-small color-scheme-dark social-follow social-form-circle text-left\">\n\n\t\t\t\t\t\t\t\t\t<span class=\"wd-label\"><\/span>\n\t\t\t\t\n\t\t\t\t\t\t\t\t\t<a rel=\"noopener noreferrer nofollow\" href=\"#\" target=\"_blank\" class=\" wd-social-icon social-facebook\" aria-label=\"Facebook sosyal ba\u011flant\u0131s\u0131\">\n\t\t\t\t\t\t<span class=\"wd-icon\"><\/span>\n\t\t\t\t\t\t\t\t\t\t\t<\/a>\n\t\t\t\t\n\t\t\t\t\n\t\t\t\t\n\t\t\t\t\t\t\t\t\t<a rel=\"noopener noreferrer nofollow\" href=\"#\" target=\"_blank\" class=\" wd-social-icon social-instagram\" aria-label=\"\u0130nstagram sosyal ba\u011flant\u0131\">\n\t\t\t\t\t\t<span class=\"wd-icon\"><\/span>\n\t\t\t\t\t\t\t\t\t\t\t<\/a>\n\t\t\t\t\n\t\t\t\t\t\t\t\t\t<a rel=\"noopener noreferrer nofollow\" href=\"#\" target=\"_blank\" class=\" wd-social-icon social-youtube\" aria-label=\"YouTube sosyal ba\u011flant\u0131s\u0131\">\n\t\t\t\t\t\t<span class=\"wd-icon\"><\/span>\n\t\t\t\t\t\t\t\t\t\t\t<\/a>\n\t\t\t\t\n\t\t\t\t\n\t\t\t\t\n\t\t\t\t\n\t\t\t\t\n\t\t\t\t\n\t\t\t\t\n\t\t\t\t\n\t\t\t\t\n\t\t\t\t\n\t\t\t\t\n\t\t\t\t\n\t\t\t\t\t\t\t\t\t<a rel=\"noopener noreferrer nofollow\" href=\"#\" target=\"_blank\" class=\"whatsapp-desktop  wd-social-icon social-whatsapp\" aria-label=\"WhatsApp sosyal ba\u011flant\u0131\">\n\t\t\t\t\t\t<span class=\"wd-icon\"><\/span>\n\t\t\t\t\t\t\t\t\t\t\t<\/a>\n\t\t\t\t\t\n\t\t\t\t\t<a rel=\"noopener noreferrer nofollow\" href=\"#\" target=\"_blank\" class=\"whatsapp-mobile  wd-social-icon social-whatsapp\" aria-label=\"WhatsApp sosyal ba\u011flant\u0131\">\n\t\t\t\t\t\t<span class=\"wd-icon\"><\/span>\n\t\t\t\t\t\t\t\t\t\t\t<\/a>\n\t\t\t\t\n\t\t\t\t\t\t\t\t\n\t\t\t\t\t\t\t\t\n\t\t\t\t\n\t\t\t\t\n\t\t\t\t\t\t\t\t\n\t\t\t\t\n\t\t\t<\/div>\n\n\t\t\t\t\t\t<\/div>\n\t\t\t\t<\/div>\n\t\t\t\t<\/div>\n\t\t\t\t<\/div>\n\t\t\t\t\t<\/div>\n\t\t\t\t<\/div>\n\t\t\t\t<section class=\"elementor-section elementor-top-section elementor-element elementor-element-3faf1527 elementor-section-content-middle wd-section-stretch elementor-reverse-mobile elementor-section-boxed elementor-section-height-default elementor-section-height-default\" data-id=\"3faf1527\" data-element_type=\"section\" data-settings=\"{&quot;background_background&quot;:&quot;classic&quot;}\">\n\t\t\t\t\t\t<div class=\"elementor-container elementor-column-gap-extended\">\n\t\t\t\t\t<div class=\"elementor-column elementor-col-50 elementor-top-column elementor-element elementor-element-1eca3599\" data-id=\"1eca3599\" data-element_type=\"column\">\n\t\t\t<div class=\"elementor-widget-wrap elementor-element-populated\">\n\t\t\t\t\t\t<div class=\"elementor-element elementor-element-422db009 wd-width-100 elementor-widget elementor-widget-wd_title\" data-id=\"422db009\" data-element_type=\"widget\" data-widget_type=\"wd_title.default\">\n\t\t\t\t<div class=\"elementor-widget-container\">\n\t\t\t\t\t\t\t<div class=\"title-wrapper set-mb-s reset-last-child wd-title-color-default wd-title-style-default wd-title-size-default text-left\">\n\n\t\t\t\n\t\t\t<div class=\"liner-continer\">\n\t\t\t\t<h4 class=\"woodmart-title-container title wd-fontsize-l wd-underline-colored\"><u>Geli\u015ftirme<\/u> Yakla\u015f\u0131m\u0131m\u0131z;<\/h4> \n\t\t\t\t\t\t\t<\/div>\n\n\t\t\t\t\t<\/div>\n\t\t\t\t\t\t<\/div>\n\t\t\t\t<\/div>\n\t\t\t\t<div class=\"elementor-element elementor-element-39e58b9 elementor-widget elementor-widget-wd_text_block\" data-id=\"39e58b9\" data-element_type=\"widget\" data-widget_type=\"wd_text_block.default\">\n\t\t\t\t<div class=\"elementor-widget-container\">\n\t\t\t\t\t\t\t<div class=\"wd-text-block reset-last-child text-left\">\n\t\t\t\n\t\t\t<ul><li data-start=\"1028\" data-end=\"1062\">Kullan\u0131m Dostu<\/li><li data-start=\"1028\" data-end=\"1062\">G\u00fcvenilir Altyap\u0131<\/li><li data-start=\"1028\" data-end=\"1062\">H\u0131zl\u0131 Aray\u00fcz<\/li><li data-start=\"1028\" data-end=\"1062\">Mobil Uyumlu<\/li><li data-start=\"1028\" data-end=\"1062\">An\u0131nda Destek<\/li><\/ul><p data-start=\"1205\" data-end=\"1395\">Prusaweb olarak t\u00fcm \u00fcr\u00fcn ve projelerimizde kalite, s\u00fcrd\u00fcr\u00fclebilirlik ve m\u00fc\u015fteri memnuniyetini \u00f6ncelik olarak benimser; y\u00fcksek standartlarda yaz\u0131l\u0131m geli\u015ftirme ve dan\u0131\u015fmanl\u0131k hizmeti sunar\u0131z.<\/p>\n\t\t\t\t\t<\/div>\n\t\t\t\t\t\t<\/div>\n\t\t\t\t<\/div>\n\t\t\t\t\t<\/div>\n\t\t<\/div>\n\t\t\t\t<div class=\"elementor-column elementor-col-50 elementor-top-column elementor-element elementor-element-527be40a\" data-id=\"527be40a\" data-element_type=\"column\">\n\t\t\t<div class=\"elementor-widget-wrap elementor-element-populated\">\n\t\t\t\t\t\t<div class=\"elementor-element elementor-element-63ee4306 elementor-widget elementor-widget-wd_image_or_svg\" data-id=\"63ee4306\" data-element_type=\"widget\" data-widget_type=\"wd_image_or_svg.default\">\n\t\t\t\t<div class=\"elementor-widget-container\">\n\t\t\t\t\t\n\t\t<div class=\"wd-image text-left\">\n\t\t\t\t\t\t\t\t<img decoding=\"async\" width=\"1080\" height=\"1080\" src=\"https:\/\/pruas.com.tr\/wp-content\/uploads\/2025\/12\/pruasicon.png\" class=\"attachment-full size-full\" alt=\"\" srcset=\"https:\/\/pruas.com.tr\/wp-content\/uploads\/2025\/12\/pruasicon.png 1080w, https:\/\/pruas.com.tr\/wp-content\/uploads\/2025\/12\/pruasicon-300x300.png 300w, https:\/\/pruas.com.tr\/wp-content\/uploads\/2025\/12\/pruasicon-800x800.png 800w, https:\/\/pruas.com.tr\/wp-content\/uploads\/2025\/12\/pruasicon-150x150.png 150w, https:\/\/pruas.com.tr\/wp-content\/uploads\/2025\/12\/pruasicon-768x768.png 768w, https:\/\/pruas.com.tr\/wp-content\/uploads\/2025\/12\/pruasicon-430x430.png 430w, https:\/\/pruas.com.tr\/wp-content\/uploads\/2025\/12\/pruasicon-700x700.png 700w, https:\/\/pruas.com.tr\/wp-content\/uploads\/2025\/12\/pruasicon-50x50.png 50w\" sizes=\"(max-width: 1080px) 100vw, 1080px\" \/>\t\t\t\t\t<\/div>\n\n\t\t\t\t\t\t<\/div>\n\t\t\t\t<\/div>\n\t\t\t\t\t<\/div>\n\t\t<\/div>\n\t\t\t\t\t<\/div>\n\t\t<\/section>\n\t\t<div class=\"elementor-element elementor-element-f168c0a e-flex e-con-boxed e-con e-parent\" data-id=\"f168c0a\" data-element_type=\"container\">\n\t\t\t\t\t<div class=\"e-con-inner\">\n\t\t<div class=\"elementor-element elementor-element-5642404 e-con-full e-flex e-con e-child\" data-id=\"5642404\" data-element_type=\"container\">\n\t\t\t\t<div class=\"elementor-element elementor-element-6cf5219 wd-width-100 elementor-widget elementor-widget-wd_video\" data-id=\"6cf5219\" data-element_type=\"widget\" data-widget_type=\"wd_video.default\">\n\t\t\t\t<div class=\"elementor-widget-container\">\n\t\t\t\t\t\n\t\t<div class=\"wd-el-video wd-action-overlay wd-video-youtube wd-with-aspect-ratio\">\n\t\t\t\t\t\t\t<iframe data-lazy-load=\"https:\/\/www.youtube.com\/embed\/XHOmBV4js_E?feature=oembed&loop=0&mute=0&controls=1\" allowfullscreen allow=\"accelerometer; autoplay; encrypted-media; gyroscope; picture-in-picture\" width=\"100%\" height=\"100%\" loading=\"lazy\"><\/iframe>\t\t\t\n\t\t\t\n\t\t\t\n\t\t\t\t\t\t\t<div class=\"wd-el-video-overlay wd-fill\">\n\t\t\t\t\t<img decoding=\"async\" width=\"580\" height=\"340\" src=\"https:\/\/pruas.com.tr\/wp-content\/uploads\/2021\/10\/about-us-3-video-1.jpg\" class=\"attachment-full size-full\" alt=\"\" \/>\t\t\t\t<\/div>\n\t\t\t\t<div class=\"wd-el-video-control color-scheme-light wd-fill\">\n\t\t\t\t\t<span class=\"wd-el-video-play-btn\"><\/span>\n\t\t\t\t\t\t\t\t\t<\/div>\n\n\t\t\t\t<a class=\"wd-el-video-link wd-el-video-btn-overlay wd-fill\" href=\"https:\/\/www.youtube.com\/watch?v=XHOmBV4js_E\"><\/a>\n\t\t\t\t\t<\/div>\n\t\t\t\t\t\t<\/div>\n\t\t\t\t<\/div>\n\t\t\t\t<div class=\"elementor-element elementor-element-3cc9380 wd-width-100 elementor-widget elementor-widget-wd_title\" data-id=\"3cc9380\" data-element_type=\"widget\" data-widget_type=\"wd_title.default\">\n\t\t\t\t<div class=\"elementor-widget-container\">\n\t\t\t\t\t\t\t<div class=\"title-wrapper set-mb-s reset-last-child wd-title-color-default wd-title-style-default wd-title-size-default text-left\">\n\n\t\t\t\n\t\t\t<div class=\"liner-continer\">\n\t\t\t\t<h4 class=\"woodmart-title-container title wd-fontsize-l\">Saha Ekibimiz Yan\u0131n\u0131zda...<\/h4> \n\t\t\t\t\t\t\t<\/div>\n\n\t\t\t\t\t<\/div>\n\t\t\t\t\t\t<\/div>\n\t\t\t\t<\/div>\n\t\t\t\t<div class=\"elementor-element elementor-element-6aa2027 elementor-widget elementor-widget-wd_text_block\" data-id=\"6aa2027\" data-element_type=\"widget\" data-widget_type=\"wd_text_block.default\">\n\t\t\t\t<div class=\"elementor-widget-container\">\n\t\t\t\t\t\t\t<div class=\"wd-text-block reset-last-child text-left\">\n\t\t\t\n\t\t\t<p><em>Olu\u015fturdu\u011funuz talepler do\u011frultusunda sizleri ziyaret etmek, i\u015flerinizi kolayla\u015ft\u0131rmak, size vakit kazand\u0131rmak bizi mutlu ediyor.<\/em><\/p>\n\t\t\t\t\t<\/div>\n\t\t\t\t\t\t<\/div>\n\t\t\t\t<\/div>\n\t\t\t\t<\/div>\n\t\t<div class=\"elementor-element elementor-element-b67633c e-con-full e-flex e-con e-child\" data-id=\"b67633c\" data-element_type=\"container\">\n\t\t\t\t<div class=\"elementor-element elementor-element-fbc0b44 wd-width-100 elementor-widget elementor-widget-wd_video\" data-id=\"fbc0b44\" data-element_type=\"widget\" data-widget_type=\"wd_video.default\">\n\t\t\t\t<div class=\"elementor-widget-container\">\n\t\t\t\t\t\n\t\t<div class=\"wd-el-video wd-action-overlay wd-video-youtube wd-with-aspect-ratio\">\n\t\t\t\t\t\t\t<iframe data-lazy-load=\"https:\/\/www.youtube.com\/embed\/XHOmBV4js_E?feature=oembed&loop=0&mute=0&controls=1\" allowfullscreen allow=\"accelerometer; autoplay; encrypted-media; gyroscope; picture-in-picture\" width=\"100%\" height=\"100%\" loading=\"lazy\"><\/iframe>\t\t\t\n\t\t\t\n\t\t\t\n\t\t\t\t\t\t\t<div class=\"wd-el-video-overlay wd-fill\">\n\t\t\t\t\t<img loading=\"lazy\" decoding=\"async\" width=\"580\" height=\"340\" src=\"https:\/\/pruas.com.tr\/wp-content\/uploads\/2021\/10\/about-us-3-video-2.jpg\" class=\"attachment-full size-full\" alt=\"\" \/>\t\t\t\t<\/div>\n\t\t\t\t<div class=\"wd-el-video-control color-scheme-light wd-fill\">\n\t\t\t\t\t<span class=\"wd-el-video-play-btn\"><\/span>\n\t\t\t\t\t\t\t\t\t<\/div>\n\n\t\t\t\t<a class=\"wd-el-video-link wd-el-video-btn-overlay wd-fill\" href=\"https:\/\/www.youtube.com\/watch?v=XHOmBV4js_E\"><\/a>\n\t\t\t\t\t<\/div>\n\t\t\t\t\t\t<\/div>\n\t\t\t\t<\/div>\n\t\t\t\t<div class=\"elementor-element elementor-element-5fcf642 wd-width-100 elementor-widget elementor-widget-wd_title\" data-id=\"5fcf642\" data-element_type=\"widget\" data-widget_type=\"wd_title.default\">\n\t\t\t\t<div class=\"elementor-widget-container\">\n\t\t\t\t\t\t\t<div class=\"title-wrapper set-mb-s reset-last-child wd-title-color-default wd-title-style-default wd-title-size-default text-left\">\n\n\t\t\t\n\t\t\t<div class=\"liner-continer\">\n\t\t\t\t<h4 class=\"woodmart-title-container title wd-fontsize-l\">K\u0131sa Tan\u0131t\u0131m Videomuz...<br \/>\n<\/h4> \n\t\t\t\t\t\t\t<\/div>\n\n\t\t\t\t\t<\/div>\n\t\t\t\t\t\t<\/div>\n\t\t\t\t<\/div>\n\t\t\t\t<div class=\"elementor-element elementor-element-ffcd5eb elementor-widget elementor-widget-wd_text_block\" data-id=\"ffcd5eb\" data-element_type=\"widget\" data-widget_type=\"wd_text_block.default\">\n\t\t\t\t<div class=\"elementor-widget-container\">\n\t\t\t\t\t\t\t<div class=\"wd-text-block reset-last-child text-left\">\n\t\t\t\n\t\t\t<p>Online Bak\u0131m Y\u00f6netim Sistemimiz Pruas ile t\u00fcm hizmetlerinizi tek bir platformdan kolayca takip edebilir ve t\u00fcm s\u00fcre\u00e7lerinizi etkin \u015fekilde y\u00f6netebilirsiniz.<\/p>\n\t\t\t\t\t<\/div>\n\t\t\t\t\t\t<\/div>\n\t\t\t\t<\/div>\n\t\t\t\t<\/div>\n\t\t\t\t\t<\/div>\n\t\t\t\t<\/div>\n\t\t\t\t<\/div>\n\t\t","protected":false},"excerpt":{"rendered":"<p>PRUAS | ONLINE BAKIM &amp; Y\u00d6NET\u0130M S\u0130STEMLER\u0130 Biz Kimiz ? 12 y\u0131ll\u0131k sekt\u00f6rel deneyime sahip Prusaweb Yaz\u0131l\u0131m ve Dan\u0131\u015fmanl\u0131k Hizmetleri<\/p>\n","protected":false},"author":1,"featured_media":0,"parent":0,"menu_order":0,"comment_status":"closed","ping_status":"closed","template":"","meta":{"footnotes":""},"class_list":["post-4400","page","type-page","status-publish","hentry"],"_links":{"self":[{"href":"https:\/\/pruas.com.tr\/index.php\/wp-json\/wp\/v2\/pages\/4400","targetHints":{"allow":["GET"]}}],"collection":[{"href":"https:\/\/pruas.com.tr\/index.php\/wp-json\/wp\/v2\/pages"}],"about":[{"href":"https:\/\/pruas.com.tr\/index.php\/wp-json\/wp\/v2\/types\/page"}],"author":[{"embeddable":true,"href":"https:\/\/pruas.com.tr\/index.php\/wp-json\/wp\/v2\/users\/1"}],"replies":[{"embeddable":true,"href":"https:\/\/pruas.com.tr\/index.php\/wp-json\/wp\/v2\/comments?post=4400"}],"version-history":[{"count":13,"href":"https:\/\/pruas.com.tr\/index.php\/wp-json\/wp\/v2\/pages\/4400\/revisions"}],"predecessor-version":[{"id":15898,"href":"https:\/\/pruas.com.tr\/index.php\/wp-json\/wp\/v2\/pages\/4400\/revisions\/15898"}],"wp:attachment":[{"href":"https:\/\/pruas.com.tr\/index.php\/wp-json\/wp\/v2\/media?parent=4400"}],"curies":[{"name":"wp","href":"https:\/\/api.w.org\/{rel}","templated":true}]}}