{"id":9621,"date":"2021-11-09T11:59:30","date_gmt":"2021-11-09T11:59:30","guid":{"rendered":"http:\/\/dummy.xtemos.com\/woodmart2\/elementor\/?page_id=9621"},"modified":"2025-12-03T19:13:48","modified_gmt":"2025-12-03T16:13:48","slug":"home-smart-home","status":"publish","type":"page","link":"https:\/\/pruas.com.tr\/","title":{"rendered":"Home Smart-home"},"content":{"rendered":"\t\t<div data-elementor-type=\"wp-page\" data-elementor-id=\"9621\" class=\"elementor elementor-9621\">\n\t\t\t\t<div class=\"elementor-element elementor-element-09058da wd-section-stretch e-flex e-con-boxed e-con e-parent\" data-id=\"09058da\" data-element_type=\"container\" data-settings=\"{&quot;background_background&quot;:&quot;classic&quot;}\">\n\t\t\t\t\t<div class=\"e-con-inner\">\n\t\t<div class=\"elementor-element elementor-element-ae6e80d e-con-full e-flex e-con e-child\" data-id=\"ae6e80d\" data-element_type=\"container\">\n\t\t<div class=\"elementor-element elementor-element-f928533 e-con-full e-flex e-con e-child\" data-id=\"f928533\" data-element_type=\"container\">\n\t\t\t\t<div class=\"elementor-element elementor-element-6d44607 elementor-widget elementor-widget-wd_image_or_svg\" data-id=\"6d44607\" data-element_type=\"widget\" data-widget_type=\"wd_image_or_svg.default\">\n\t\t\t\t<div class=\"elementor-widget-container\">\n\t\t\t\t\t\n\t\t<div class=\"wd-image text-left\">\n\t\t\t\t\t\t\t\t<img fetchpriority=\"high\" decoding=\"async\" width=\"620\" height=\"303\" src=\"https:\/\/pruas.com.tr\/wp-content\/uploads\/2025\/12\/pruasbanner2.png\" class=\"attachment-full size-full\" alt=\"\" srcset=\"https:\/\/pruas.com.tr\/wp-content\/uploads\/2025\/12\/pruasbanner2.png 620w, https:\/\/pruas.com.tr\/wp-content\/uploads\/2025\/12\/pruasbanner2-400x195.png 400w, https:\/\/pruas.com.tr\/wp-content\/uploads\/2025\/12\/pruasbanner2-430x210.png 430w, https:\/\/pruas.com.tr\/wp-content\/uploads\/2025\/12\/pruasbanner2-150x73.png 150w\" sizes=\"(max-width: 620px) 100vw, 620px\" \/>\t\t\t\t\t<\/div>\n\n\t\t\t\t\t\t<\/div>\n\t\t\t\t<\/div>\n\t\t\t\t<\/div>\n\t\t<div class=\"elementor-element elementor-element-bbe6205 e-con-full e-flex e-con e-child\" data-id=\"bbe6205\" data-element_type=\"container\">\n\t\t\t\t<div class=\"elementor-element elementor-element-7a80bb5 wd-width-100 elementor-widget elementor-widget-wd_title\" data-id=\"7a80bb5\" data-element_type=\"widget\" data-widget_type=\"wd_title.default\">\n\t\t\t\t<div class=\"elementor-widget-container\">\n\t\t\t\t\t\t\t<div class=\"title-wrapper set-mb-s reset-last-child wd-title-color-default wd-title-style-default wd-title-size-default text-left\">\n\n\t\t\t\n\t\t\t<div class=\"liner-continer\">\n\t\t\t\t<h4 class=\"woodmart-title-container title wd-fontsize-l\">Online Bak\u0131m Takip Sistemi<\/h4> \n\t\t\t\t\t\t\t<\/div>\n\n\t\t\t\t\t<\/div>\n\t\t\t\t\t\t<\/div>\n\t\t\t\t<\/div>\n\t\t\t\t<div class=\"elementor-element elementor-element-6ed8cf5 elementor-widget elementor-widget-wd_text_block\" data-id=\"6ed8cf5\" data-element_type=\"widget\" data-widget_type=\"wd_text_block.default\">\n\t\t\t\t<div class=\"elementor-widget-container\">\n\t\t\t\t\t\t\t<div class=\"wd-text-block reset-last-child text-left\">\n\t\t\t\n\t\t\t<p>Periyodik g\u00f6revleri, tahsilatlar\u0131 ve operasyonel i\u015flemleri tek panelden y\u00f6netin. \u0130\u015f ak\u0131\u015flar\u0131n\u0131 d\u00fczenleyin, ekibinizle e\u015f zamanl\u0131 \u00e7al\u0131\u015f\u0131n ve t\u00fcm s\u00fcreci anl\u0131k olarak kontrol edin.<\/p>\n\t\t\t\t\t<\/div>\n\t\t\t\t\t\t<\/div>\n\t\t\t\t<\/div>\n\t\t\t\t<div class=\"elementor-element elementor-element-935f8f0 elementor-widget elementor-widget-wd_button\" data-id=\"935f8f0\" data-element_type=\"widget\" data-widget_type=\"wd_button.default\">\n\t\t\t\t<div class=\"elementor-widget-container\">\n\t\t\t\t\t\t\t<div class=\"wd-button-wrapper text-left\" >\n\t\t\t<a class=\"btn btn-style-default btn-style-semi-round btn-size-large btn-color-primary btn-icon-pos-right\"  href=\"https:\/\/pruas.com.tr\/index.php\/pruas_nedir\/\">\n\t\t\t\t<span class=\"wd-btn-text\" data-elementor-setting-key=\"text\">\n\t\t\t\t\tPRUAS NED\u0130R ?\t\t\t\t<\/span>\n\n\t\t\t\t\t\t\t<\/a>\n\t\t<\/div>\n\t\t\t\t\t\t<\/div>\n\t\t\t\t<\/div>\n\t\t\t\t<\/div>\n\t\t\t\t<\/div>\n\t\t\t\t<div class=\"elementor-element elementor-element-74bbe71 elementor-widget elementor-widget-wd_infobox_carousel\" data-id=\"74bbe71\" data-element_type=\"widget\" data-widget_type=\"wd_infobox_carousel.default\">\n\t\t\t\t<div class=\"elementor-widget-container\">\n\t\t\t\t\t\t\t<div class=\"wd-carousel-container info-box-carousel-wrapper\">\n\t\t\t<div class=\"wd-carousel-inner\">\n\t\t\t\t<div class=\"wd-carousel wd-grid info-box-carousel\" data-scroll_per_page=\"yes\" style=\"--wd-col-lg:5;--wd-col-md:3;--wd-col-sm:2;--wd-gap-lg:30px;--wd-gap-sm:10px;\">\n\t\t\t\t\t<div class=\"wd-carousel-wrap\">\n\t\t\t\t\t\t\t\t\t\t\t\t\t\t\t\t\t\t\t\t\t\t<div class=\"info-box-wrapper wd-carousel-item\">\n\t\t\t<div class=\"wd-info-box text-center box-icon-align-top box-style-base color-scheme-  elementor-repeater-item-702f0f5\">\n\t\t\t\t\t\t\t\t\t<div class=\"box-icon-wrapper  box-with-icon box-icon-simple\">\n\t\t\t\t\t\t<div class=\"info-box-icon\">\n\t\t\t\t\t\t\t\t\t\t\t\t\t\t\t<img decoding=\"async\" width=\"50\" height=\"50\" src=\"https:\/\/pruas.com.tr\/wp-content\/uploads\/2025\/12\/pruasicon-50x50.png\" class=\"attachment-50x50 size-50x50\" alt=\"\" srcset=\"https:\/\/pruas.com.tr\/wp-content\/uploads\/2025\/12\/pruasicon-50x50.png 50w, https:\/\/pruas.com.tr\/wp-content\/uploads\/2025\/12\/pruasicon-300x300.png 300w, https:\/\/pruas.com.tr\/wp-content\/uploads\/2025\/12\/pruasicon-800x800.png 800w, https:\/\/pruas.com.tr\/wp-content\/uploads\/2025\/12\/pruasicon-150x150.png 150w, https:\/\/pruas.com.tr\/wp-content\/uploads\/2025\/12\/pruasicon-768x768.png 768w, https:\/\/pruas.com.tr\/wp-content\/uploads\/2025\/12\/pruasicon-430x430.png 430w, https:\/\/pruas.com.tr\/wp-content\/uploads\/2025\/12\/pruasicon-700x700.png 700w, https:\/\/pruas.com.tr\/wp-content\/uploads\/2025\/12\/pruasicon.png 1080w\" sizes=\"(max-width: 50px) 100vw, 50px\" \/>\t\t\t\t\t\t\t\t\t\t\t\t\t<\/div>\n\t\t\t\t\t<\/div>\n\t\t\t\t\n\t\t\t\t<div class=\"info-box-content\">\n\t\t\t\t\t\n\t\t\t\t\t\t\t\t\t\t\t<h4\t\t\t\t\t\tclass=\"info-box-title title box-title-style-default wd-fontsize-m\" data-elementor-setting-key=\"title\">\n\t\t\t\t\t\t\t\tH\u0131zl\u0131 Aray\u00fcz\t\t\t\t\t\t<\/h4>\n\t\t\t\t\t\n\t\t\t\t\t<div class=\"info-box-inner set-cont-mb-s reset-last-child\"data-elementor-setting-key=\"content\"><\/div>\n\n\t\t\t\t\t\t\t\t\t<\/div>\n\n\t\t\t\t\t\t\t<\/div>\n\t\t<\/div>\n\t\t\t\t\t\t\t\t\t\t\t\t\t\t\t\t\t\t\t\t\t\t\t\t<div class=\"info-box-wrapper wd-carousel-item\">\n\t\t\t<div class=\"wd-info-box text-center box-icon-align-top box-style-base color-scheme-  elementor-repeater-item-80cd48b\">\n\t\t\t\t\t\t\t\t\t<div class=\"box-icon-wrapper  box-with-icon box-icon-simple\">\n\t\t\t\t\t\t<div class=\"info-box-icon\">\n\t\t\t\t\t\t\t\t\t\t\t\t\t\t\t<img decoding=\"async\" width=\"50\" height=\"50\" src=\"https:\/\/pruas.com.tr\/wp-content\/uploads\/2025\/12\/pruasicon-50x50.png\" class=\"attachment-50x50 size-50x50\" alt=\"\" srcset=\"https:\/\/pruas.com.tr\/wp-content\/uploads\/2025\/12\/pruasicon-50x50.png 50w, https:\/\/pruas.com.tr\/wp-content\/uploads\/2025\/12\/pruasicon-300x300.png 300w, https:\/\/pruas.com.tr\/wp-content\/uploads\/2025\/12\/pruasicon-800x800.png 800w, https:\/\/pruas.com.tr\/wp-content\/uploads\/2025\/12\/pruasicon-150x150.png 150w, https:\/\/pruas.com.tr\/wp-content\/uploads\/2025\/12\/pruasicon-768x768.png 768w, https:\/\/pruas.com.tr\/wp-content\/uploads\/2025\/12\/pruasicon-430x430.png 430w, https:\/\/pruas.com.tr\/wp-content\/uploads\/2025\/12\/pruasicon-700x700.png 700w, https:\/\/pruas.com.tr\/wp-content\/uploads\/2025\/12\/pruasicon.png 1080w\" sizes=\"(max-width: 50px) 100vw, 50px\" \/>\t\t\t\t\t\t\t\t\t\t\t\t\t<\/div>\n\t\t\t\t\t<\/div>\n\t\t\t\t\n\t\t\t\t<div class=\"info-box-content\">\n\t\t\t\t\t\n\t\t\t\t\t\t\t\t\t\t\t<h4\t\t\t\t\t\tclass=\"info-box-title title box-title-style-default wd-fontsize-m\" data-elementor-setting-key=\"title\">\n\t\t\t\t\t\t\t\tG\u00fcvenli Alt Yap\u0131\t\t\t\t\t\t<\/h4>\n\t\t\t\t\t\n\t\t\t\t\t<div class=\"info-box-inner set-cont-mb-s reset-last-child\"data-elementor-setting-key=\"content\"><\/div>\n\n\t\t\t\t\t\t\t\t\t<\/div>\n\n\t\t\t\t\t\t\t<\/div>\n\t\t<\/div>\n\t\t\t\t\t\t\t\t\t\t\t\t\t\t\t\t\t\t\t\t\t\t\t\t<div class=\"info-box-wrapper wd-carousel-item\">\n\t\t\t<div class=\"wd-info-box text-center box-icon-align-top box-style-base color-scheme-  elementor-repeater-item-7455632\">\n\t\t\t\t\t\t\t\t\t<div class=\"box-icon-wrapper  box-with-icon box-icon-simple\">\n\t\t\t\t\t\t<div class=\"info-box-icon\">\n\t\t\t\t\t\t\t\t\t\t\t\t\t\t\t<img decoding=\"async\" width=\"50\" height=\"50\" src=\"https:\/\/pruas.com.tr\/wp-content\/uploads\/2025\/12\/pruasicon-50x50.png\" class=\"attachment-50x50 size-50x50\" alt=\"\" srcset=\"https:\/\/pruas.com.tr\/wp-content\/uploads\/2025\/12\/pruasicon-50x50.png 50w, https:\/\/pruas.com.tr\/wp-content\/uploads\/2025\/12\/pruasicon-300x300.png 300w, https:\/\/pruas.com.tr\/wp-content\/uploads\/2025\/12\/pruasicon-800x800.png 800w, https:\/\/pruas.com.tr\/wp-content\/uploads\/2025\/12\/pruasicon-150x150.png 150w, https:\/\/pruas.com.tr\/wp-content\/uploads\/2025\/12\/pruasicon-768x768.png 768w, https:\/\/pruas.com.tr\/wp-content\/uploads\/2025\/12\/pruasicon-430x430.png 430w, https:\/\/pruas.com.tr\/wp-content\/uploads\/2025\/12\/pruasicon-700x700.png 700w, https:\/\/pruas.com.tr\/wp-content\/uploads\/2025\/12\/pruasicon.png 1080w\" sizes=\"(max-width: 50px) 100vw, 50px\" \/>\t\t\t\t\t\t\t\t\t\t\t\t\t<\/div>\n\t\t\t\t\t<\/div>\n\t\t\t\t\n\t\t\t\t<div class=\"info-box-content\">\n\t\t\t\t\t\n\t\t\t\t\t\t\t\t\t\t\t<h4\t\t\t\t\t\tclass=\"info-box-title title box-title-style-default wd-fontsize-m\" data-elementor-setting-key=\"title\">\n\t\t\t\t\t\t\t\tG\u00fcnl\u00fck Yedekleme\t\t\t\t\t\t<\/h4>\n\t\t\t\t\t\n\t\t\t\t\t<div class=\"info-box-inner set-cont-mb-s reset-last-child\"data-elementor-setting-key=\"content\"><\/div>\n\n\t\t\t\t\t\t\t\t\t<\/div>\n\n\t\t\t\t\t\t\t<\/div>\n\t\t<\/div>\n\t\t\t\t\t\t\t\t\t\t\t\t\t\t\t\t\t\t\t\t\t\t\t\t<div class=\"info-box-wrapper wd-carousel-item\">\n\t\t\t<div class=\"wd-info-box text-center box-icon-align-top box-style-base color-scheme-  elementor-repeater-item-1effd84\">\n\t\t\t\t\t\t\t\t\t<div class=\"box-icon-wrapper  box-with-icon box-icon-simple\">\n\t\t\t\t\t\t<div class=\"info-box-icon\">\n\t\t\t\t\t\t\t\t\t\t\t\t\t\t\t<img decoding=\"async\" width=\"50\" height=\"50\" src=\"https:\/\/pruas.com.tr\/wp-content\/uploads\/2025\/12\/pruasicon-50x50.png\" class=\"attachment-50x50 size-50x50\" alt=\"\" srcset=\"https:\/\/pruas.com.tr\/wp-content\/uploads\/2025\/12\/pruasicon-50x50.png 50w, https:\/\/pruas.com.tr\/wp-content\/uploads\/2025\/12\/pruasicon-300x300.png 300w, https:\/\/pruas.com.tr\/wp-content\/uploads\/2025\/12\/pruasicon-800x800.png 800w, https:\/\/pruas.com.tr\/wp-content\/uploads\/2025\/12\/pruasicon-150x150.png 150w, https:\/\/pruas.com.tr\/wp-content\/uploads\/2025\/12\/pruasicon-768x768.png 768w, https:\/\/pruas.com.tr\/wp-content\/uploads\/2025\/12\/pruasicon-430x430.png 430w, https:\/\/pruas.com.tr\/wp-content\/uploads\/2025\/12\/pruasicon-700x700.png 700w, https:\/\/pruas.com.tr\/wp-content\/uploads\/2025\/12\/pruasicon.png 1080w\" sizes=\"(max-width: 50px) 100vw, 50px\" \/>\t\t\t\t\t\t\t\t\t\t\t\t\t<\/div>\n\t\t\t\t\t<\/div>\n\t\t\t\t\n\t\t\t\t<div class=\"info-box-content\">\n\t\t\t\t\t\n\t\t\t\t\t\t\t\t\t\t\t<h4\t\t\t\t\t\tclass=\"info-box-title title box-title-style-default wd-fontsize-m\" data-elementor-setting-key=\"title\">\n\t\t\t\t\t\t\t\tMobil Aray\u00fcz\t\t\t\t\t\t<\/h4>\n\t\t\t\t\t\n\t\t\t\t\t<div class=\"info-box-inner set-cont-mb-s reset-last-child\"data-elementor-setting-key=\"content\"><\/div>\n\n\t\t\t\t\t\t\t\t\t<\/div>\n\n\t\t\t\t\t\t\t<\/div>\n\t\t<\/div>\n\t\t\t\t\t\t\t\t\t\t\t\t\t\t\t\t\t\t\t\t\t\t\t\t<div class=\"info-box-wrapper wd-carousel-item\">\n\t\t\t<div class=\"wd-info-box text-center box-icon-align-top box-style-base color-scheme-  elementor-repeater-item-0880fb3\">\n\t\t\t\t\t\t\t\t\t<div class=\"box-icon-wrapper  box-with-icon box-icon-simple\">\n\t\t\t\t\t\t<div class=\"info-box-icon\">\n\t\t\t\t\t\t\t\t\t\t\t\t\t\t\t<img decoding=\"async\" width=\"50\" height=\"50\" src=\"https:\/\/pruas.com.tr\/wp-content\/uploads\/2025\/12\/pruasicon-50x50.png\" class=\"attachment-50x50 size-50x50\" alt=\"\" srcset=\"https:\/\/pruas.com.tr\/wp-content\/uploads\/2025\/12\/pruasicon-50x50.png 50w, https:\/\/pruas.com.tr\/wp-content\/uploads\/2025\/12\/pruasicon-300x300.png 300w, https:\/\/pruas.com.tr\/wp-content\/uploads\/2025\/12\/pruasicon-800x800.png 800w, https:\/\/pruas.com.tr\/wp-content\/uploads\/2025\/12\/pruasicon-150x150.png 150w, https:\/\/pruas.com.tr\/wp-content\/uploads\/2025\/12\/pruasicon-768x768.png 768w, https:\/\/pruas.com.tr\/wp-content\/uploads\/2025\/12\/pruasicon-430x430.png 430w, https:\/\/pruas.com.tr\/wp-content\/uploads\/2025\/12\/pruasicon-700x700.png 700w, https:\/\/pruas.com.tr\/wp-content\/uploads\/2025\/12\/pruasicon.png 1080w\" sizes=\"(max-width: 50px) 100vw, 50px\" \/>\t\t\t\t\t\t\t\t\t\t\t\t\t<\/div>\n\t\t\t\t\t<\/div>\n\t\t\t\t\n\t\t\t\t<div class=\"info-box-content\">\n\t\t\t\t\t\n\t\t\t\t\t\t\t\t\t\t\t<h4\t\t\t\t\t\tclass=\"info-box-title title box-title-style-default wd-fontsize-m\" data-elementor-setting-key=\"title\">\n\t\t\t\t\t\t\t\tAnl\u0131k Destek\t\t\t\t\t\t<\/h4>\n\t\t\t\t\t\n\t\t\t\t\t<div class=\"info-box-inner set-cont-mb-s reset-last-child\"data-elementor-setting-key=\"content\"><\/div>\n\n\t\t\t\t\t\t\t\t\t<\/div>\n\n\t\t\t\t\t\t\t<\/div>\n\t\t<\/div>\n\t\t\t\t\t\t\t\t\t\t\t\t\t<\/div>\n\t\t\t\t<\/div>\n\n\t\t\t\t\t\t\t<\/div>\n\n\t\t\t\t\t\t\t\t<\/div>\n\t\t\t\t\t\t<\/div>\n\t\t\t\t<\/div>\n\t\t\t\t\t<\/div>\n\t\t\t\t<\/div>\n\t\t<div class=\"elementor-element elementor-element-a3378ba wd-section-stretch e-flex e-con-boxed e-con e-parent\" data-id=\"a3378ba\" data-element_type=\"container\" data-settings=\"{&quot;background_background&quot;:&quot;classic&quot;}\">\n\t\t\t\t\t<div class=\"e-con-inner\">\n\t\t\t\t<div class=\"elementor-element elementor-element-da45d33 wd-width-100 elementor-widget elementor-widget-wd_title\" data-id=\"da45d33\" data-element_type=\"widget\" data-widget_type=\"wd_title.default\">\n\t\t\t\t<div class=\"elementor-widget-container\">\n\t\t\t\t\t\t\t<div class=\"title-wrapper set-mb-s reset-last-child wd-title-color-default wd-title-style-default wd-title-size-default text-center\">\n\n\t\t\t\n\t\t\t<div class=\"liner-continer\">\n\t\t\t\t<h4 class=\"woodmart-title-container title wd-fontsize-l\">T\u00fcm Cihazlara Uyumlu<\/h4> \n\t\t\t\t\t\t\t<\/div>\n\n\t\t\t\t\t\t\t<div class=\"title-after_title set-cont-mb-s reset-last-child wd-fontsize-xs\">\n\t\t\t\t\t<p>Pruas, mobil uyumlu yap\u0131s\u0131yla i\u015fletmelerin ve personellerinin her cihazdan eri\u015fim sa\u011flamas\u0131na imkan verir. Sistem otomatik olarak cihaz t\u00fcr\u00fcne g\u00f6re optimize edilmi\u015f sayfay\u0131 a\u00e7ar. B\u00f6ylece masa\u00fcst\u00fc, tablet veya telefon fark etmeksizin t\u00fcm bilgiler h\u0131zl\u0131 ve d\u00fczenli bi\u00e7imde g\u00f6r\u00fcnt\u00fclenir.<\/p>\u00a0\t\t\t\t<\/div>\n\t\t\t\t\t<\/div>\n\t\t\t\t\t\t<\/div>\n\t\t\t\t<\/div>\n\t\t\t\t<div class=\"elementor-element elementor-element-b8bbed0 elementor-widget elementor-widget-wd_image_or_svg\" data-id=\"b8bbed0\" data-element_type=\"widget\" data-widget_type=\"wd_image_or_svg.default\">\n\t\t\t\t<div class=\"elementor-widget-container\">\n\t\t\t\t\t\n\t\t<div class=\"wd-image text-center\">\n\t\t\t\t\t\t\t\t<img decoding=\"async\" width=\"620\" height=\"303\" src=\"https:\/\/pruas.com.tr\/wp-content\/uploads\/2025\/12\/Adsiz-tasarim.png\" class=\"attachment-full size-full\" alt=\"\" srcset=\"https:\/\/pruas.com.tr\/wp-content\/uploads\/2025\/12\/Adsiz-tasarim.png 620w, https:\/\/pruas.com.tr\/wp-content\/uploads\/2025\/12\/Adsiz-tasarim-400x195.png 400w, https:\/\/pruas.com.tr\/wp-content\/uploads\/2025\/12\/Adsiz-tasarim-430x210.png 430w, https:\/\/pruas.com.tr\/wp-content\/uploads\/2025\/12\/Adsiz-tasarim-150x73.png 150w\" sizes=\"(max-width: 620px) 100vw, 620px\" \/>\t\t\t\t\t<\/div>\n\n\t\t\t\t\t\t<\/div>\n\t\t\t\t<\/div>\n\t\t\t\t\t<\/div>\n\t\t\t\t<\/div>\n\t\t<div class=\"elementor-element elementor-element-dae136e wd-section-stretch e-flex e-con-boxed e-con e-parent\" data-id=\"dae136e\" data-element_type=\"container\" data-settings=\"{&quot;background_background&quot;:&quot;classic&quot;}\">\n\t\t\t\t\t<div class=\"e-con-inner\">\n\t\t<div class=\"elementor-element elementor-element-dc00d54 e-con-full e-flex e-con e-child\" data-id=\"dc00d54\" data-element_type=\"container\">\n\t\t\t\t<div class=\"elementor-element elementor-element-6dbaced elementor-widget elementor-widget-wd_image_or_svg\" data-id=\"6dbaced\" data-element_type=\"widget\" data-widget_type=\"wd_image_or_svg.default\">\n\t\t\t\t<div class=\"elementor-widget-container\">\n\t\t\t\t\t\n\t\t<div class=\"wd-image text-center\">\n\t\t\t\t\t\t\t\t<img loading=\"lazy\" decoding=\"async\" width=\"400\" height=\"522\" src=\"https:\/\/pruas.com.tr\/wp-content\/uploads\/2025\/12\/3.png\" class=\"attachment-full size-full\" alt=\"\" srcset=\"https:\/\/pruas.com.tr\/wp-content\/uploads\/2025\/12\/3.png 400w, https:\/\/pruas.com.tr\/wp-content\/uploads\/2025\/12\/3-230x300.png 230w, https:\/\/pruas.com.tr\/wp-content\/uploads\/2025\/12\/3-150x196.png 150w\" sizes=\"(max-width: 400px) 100vw, 400px\" \/>\t\t\t\t\t<\/div>\n\n\t\t\t\t\t\t<\/div>\n\t\t\t\t<\/div>\n\t\t\t\t<\/div>\n\t\t<div class=\"elementor-element elementor-element-56f5d1c e-con-full e-flex e-con e-child\" data-id=\"56f5d1c\" data-element_type=\"container\">\n\t\t\t\t<div class=\"elementor-element elementor-element-62cd6eb wd-width-100 elementor-widget elementor-widget-wd_title\" data-id=\"62cd6eb\" data-element_type=\"widget\" data-widget_type=\"wd_title.default\">\n\t\t\t\t<div class=\"elementor-widget-container\">\n\t\t\t\t\t\t\t<div class=\"title-wrapper set-mb-s reset-last-child wd-title-color-default wd-title-style-default wd-title-size-default text-left\">\n\n\t\t\t\n\t\t\t<div class=\"liner-continer\">\n\t\t\t\t<h4 class=\"woodmart-title-container title wd-fontsize-l\">G\u00dcVENL\u0130 ER\u0130\u015e\u0130M<\/h4> \n\t\t\t\t\t\t\t<\/div>\n\n\t\t\t\t\t<\/div>\n\t\t\t\t\t\t<\/div>\n\t\t\t\t<\/div>\n\t\t\t\t<div class=\"elementor-element elementor-element-0c77e87 elementor-widget elementor-widget-wd_text_block\" data-id=\"0c77e87\" data-element_type=\"widget\" data-widget_type=\"wd_text_block.default\">\n\t\t\t\t<div class=\"elementor-widget-container\">\n\t\t\t\t\t\t\t<div class=\"wd-text-block reset-last-child text-left\">\n\t\t\t\n\t\t\t<div class=\"elementor-element elementor-element-0c77e87 elementor-widget elementor-widget-wd_text_block\" data-id=\"0c77e87\" data-element_type=\"widget\" data-widget_type=\"wd_text_block.default\"><div class=\"elementor-widget-container\"><div class=\"wd-text-block reset-last-child text-left\"><p>Pruas, t\u00fcm kullan\u0131c\u0131 verilerini SSL sertifikas\u0131yla korur ve eri\u015fim g\u00fcvenli\u011fini \u00fcst d\u00fczeyde tutar. Y\u00f6netici paneli yaln\u0131zca yetkili kullan\u0131c\u0131lar taraf\u0131ndan kullan\u0131labilir, her i\u015flem loglan\u0131r ve izlenebilir. Veriler \u00fc\u00e7\u00fcnc\u00fc ki\u015filerle payla\u015f\u0131lmaz, yaln\u0131zca sistem i\u00e7inde \u015fifrelenmi\u015f bi\u00e7imde saklan\u0131r.<\/p><\/div><\/div><\/div>\n\t\t\t\t\t<\/div>\n\t\t\t\t\t\t<\/div>\n\t\t\t\t<\/div>\n\t\t\t\t<div class=\"elementor-element elementor-element-14c88af elementor-widget elementor-widget-wd_infobox_carousel\" data-id=\"14c88af\" data-element_type=\"widget\" data-widget_type=\"wd_infobox_carousel.default\">\n\t\t\t\t<div class=\"elementor-widget-container\">\n\t\t\t\t\t\t\t<div class=\"wd-carousel-container info-box-carousel-wrapper\">\n\t\t\t<div class=\"wd-carousel-inner\">\n\t\t\t\t<div class=\"wd-carousel wd-grid info-box-carousel\" data-scroll_per_page=\"yes\" style=\"--wd-col-lg:3;--wd-col-md:2;--wd-col-sm:1;--wd-gap-lg:30px;--wd-gap-sm:10px;\">\n\t\t\t\t\t<div class=\"wd-carousel-wrap\">\n\t\t\t\t\t\t\t\t\t\t\t\t\t\t\t\t\t\t\t\t\t\t<div class=\"info-box-wrapper wd-carousel-item\">\n\t\t\t<div class=\"wd-info-box text-left box-icon-align-top box-style-base color-scheme-  elementor-repeater-item-d548e59\">\n\t\t\t\t\t\t\t\t\t<div class=\"box-icon-wrapper  box-with-icon box-icon-simple\">\n\t\t\t\t\t\t<div class=\"info-box-icon\">\n\t\t\t\t\t\t\t\t\t\t\t\t\t\t\t<div class=\"info-svg-wrapper\" style=\"width:40px; height:40px;\"><img loading=\"lazy\" decoding=\"async\"  src=\"https:\/\/pruas.com.tr\/wp-content\/uploads\/2025\/12\/ps-bold-arrow-left.svg\" title=\"ps-bold-arrow-left.svg\" width=\"40\" height=\"40\"><\/div>\t\t\t\t\t\t\t\t\t\t\t\t\t<\/div>\n\t\t\t\t\t<\/div>\n\t\t\t\t\n\t\t\t\t<div class=\"info-box-content\">\n\t\t\t\t\t\n\t\t\t\t\t\t\t\t\t\t\t<h4\t\t\t\t\t\tclass=\"info-box-title title box-title-style-default wd-fontsize-m\" data-elementor-setting-key=\"title\">\n\t\t\t\t\t\t\t\tHIZLI ARAY\u00dcZ\t\t\t\t\t\t<\/h4>\n\t\t\t\t\t\n\t\t\t\t\t<div class=\"info-box-inner set-cont-mb-s reset-last-child\"data-elementor-setting-key=\"content\"><\/div>\n\n\t\t\t\t\t\t\t\t\t<\/div>\n\n\t\t\t\t\t\t\t<\/div>\n\t\t<\/div>\n\t\t\t\t\t\t\t\t\t\t\t\t\t\t\t\t\t\t\t\t\t\t\t\t<div class=\"info-box-wrapper wd-carousel-item\">\n\t\t\t<div class=\"wd-info-box text-left box-icon-align-top box-style-base color-scheme-  elementor-repeater-item-11f583e\">\n\t\t\t\t\t\t\t\t\t<div class=\"box-icon-wrapper  box-with-icon box-icon-simple\">\n\t\t\t\t\t\t<div class=\"info-box-icon\">\n\t\t\t\t\t\t\t\t\t\t\t\t\t\t\t<div class=\"info-svg-wrapper\" style=\"width:40px; height:40px;\"><img loading=\"lazy\" decoding=\"async\"  src=\"https:\/\/pruas.com.tr\/wp-content\/uploads\/2025\/12\/ps-bold-arrow-left.svg\" title=\"ps-bold-arrow-left.svg\" width=\"40\" height=\"40\"><\/div>\t\t\t\t\t\t\t\t\t\t\t\t\t<\/div>\n\t\t\t\t\t<\/div>\n\t\t\t\t\n\t\t\t\t<div class=\"info-box-content\">\n\t\t\t\t\t\n\t\t\t\t\t\t\t\t\t\t\t<h4\t\t\t\t\t\tclass=\"info-box-title title box-title-style-default wd-fontsize-m\" data-elementor-setting-key=\"title\">\n\t\t\t\t\t\t\t\tKULLANICI DOSTU\t\t\t\t\t\t<\/h4>\n\t\t\t\t\t\n\t\t\t\t\t<div class=\"info-box-inner set-cont-mb-s reset-last-child\"data-elementor-setting-key=\"content\"><\/div>\n\n\t\t\t\t\t\t\t\t\t<\/div>\n\n\t\t\t\t\t\t\t<\/div>\n\t\t<\/div>\n\t\t\t\t\t\t\t\t\t\t\t\t\t\t\t\t\t\t\t\t\t\t\t\t<div class=\"info-box-wrapper wd-carousel-item\">\n\t\t\t<div class=\"wd-info-box text-left box-icon-align-top box-style-base color-scheme-  elementor-repeater-item-6091e70\">\n\t\t\t\t\t\t\t\t\t<div class=\"box-icon-wrapper  box-with-icon box-icon-simple\">\n\t\t\t\t\t\t<div class=\"info-box-icon\">\n\t\t\t\t\t\t\t\t\t\t\t\t\t\t\t<div class=\"info-svg-wrapper\" style=\"width:40px; height:40px;\"><img loading=\"lazy\" decoding=\"async\"  src=\"https:\/\/pruas.com.tr\/wp-content\/uploads\/2025\/12\/ps-bold-arrow-left.svg\" title=\"ps-bold-arrow-left.svg\" width=\"40\" height=\"40\"><\/div>\t\t\t\t\t\t\t\t\t\t\t\t\t<\/div>\n\t\t\t\t\t<\/div>\n\t\t\t\t\n\t\t\t\t<div class=\"info-box-content\">\n\t\t\t\t\t\n\t\t\t\t\t\t\t\t\t\t\t<h4\t\t\t\t\t\tclass=\"info-box-title title box-title-style-default wd-fontsize-m\" data-elementor-setting-key=\"title\">\n\t\t\t\t\t\t\t\tG\u00dcVENL\u0130 ALTYAPI\t\t\t\t\t\t<\/h4>\n\t\t\t\t\t\n\t\t\t\t\t<div class=\"info-box-inner set-cont-mb-s reset-last-child\"data-elementor-setting-key=\"content\"><\/div>\n\n\t\t\t\t\t\t\t\t\t<\/div>\n\n\t\t\t\t\t\t\t<\/div>\n\t\t<\/div>\n\t\t\t\t\t\t\t\t\t\t\t\t\t<\/div>\n\t\t\t\t<\/div>\n\n\t\t\t\t\t\t\t\t\t\t\t<div class=\"wd-nav-arrows wd-pos-sep wd-hover-1 wd-icon-1\">\n\t\t\t<div class=\"wd-btn-arrow wd-prev wd-disabled\">\n\t\t\t\t<div class=\"wd-arrow-inner\"><\/div>\n\t\t\t<\/div>\n\t\t\t<div class=\"wd-btn-arrow wd-next\">\n\t\t\t\t<div class=\"wd-arrow-inner\"><\/div>\n\t\t\t<\/div>\n\t\t<\/div>\n\t\t\t\t\t\t\t\t\t<\/div>\n\n\t\t\t\t\t\t\t\t<\/div>\n\t\t\t\t\t\t<\/div>\n\t\t\t\t<\/div>\n\t\t\t\t<\/div>\n\t\t\t\t\t<\/div>\n\t\t\t\t<\/div>\n\t\t\t\t<\/div>\n\t\t","protected":false},"excerpt":{"rendered":"<p>Online Bak\u0131m Takip Sistemi Periyodik g\u00f6revleri, tahsilatlar\u0131 ve operasyonel i\u015flemleri tek panelden y\u00f6netin. \u0130\u015f ak\u0131\u015flar\u0131n\u0131 d\u00fczenleyin, ekibinizle e\u015f zamanl\u0131 \u00e7al\u0131\u015f\u0131n<\/p>\n","protected":false},"author":1,"featured_media":0,"parent":0,"menu_order":0,"comment_status":"closed","ping_status":"closed","template":"","meta":{"footnotes":""},"class_list":["post-9621","page","type-page","status-publish","hentry"],"_links":{"self":[{"href":"https:\/\/pruas.com.tr\/index.php\/wp-json\/wp\/v2\/pages\/9621","targetHints":{"allow":["GET"]}}],"collection":[{"href":"https:\/\/pruas.com.tr\/index.php\/wp-json\/wp\/v2\/pages"}],"about":[{"href":"https:\/\/pruas.com.tr\/index.php\/wp-json\/wp\/v2\/types\/page"}],"author":[{"embeddable":true,"href":"https:\/\/pruas.com.tr\/index.php\/wp-json\/wp\/v2\/users\/1"}],"replies":[{"embeddable":true,"href":"https:\/\/pruas.com.tr\/index.php\/wp-json\/wp\/v2\/comments?post=9621"}],"version-history":[{"count":39,"href":"https:\/\/pruas.com.tr\/index.php\/wp-json\/wp\/v2\/pages\/9621\/revisions"}],"predecessor-version":[{"id":15938,"href":"https:\/\/pruas.com.tr\/index.php\/wp-json\/wp\/v2\/pages\/9621\/revisions\/15938"}],"wp:attachment":[{"href":"https:\/\/pruas.com.tr\/index.php\/wp-json\/wp\/v2\/media?parent=9621"}],"curies":[{"name":"wp","href":"https:\/\/api.w.org\/{rel}","templated":true}]}}